{"id":1173,"date":"2021-01-26T13:07:10","date_gmt":"2021-01-26T12:07:10","guid":{"rendered":"https:\/\/zuhaizti.com\/quienes-somos\/"},"modified":"2022-07-14T10:48:06","modified_gmt":"2022-07-14T08:48:06","slug":"nortzuk-gara","status":"publish","type":"page","link":"https:\/\/zuhaizti.com\/eu\/nortzuk-gara\/","title":{"rendered":"Nortzuk gara"},"content":{"rendered":"<div class=\"gb-container gb-container-d89afa57 alignfull\"><div class=\"gb-inside-container\">\n<div class=\"gb-grid-wrapper gb-grid-wrapper-d94df651\">\n<div class=\"gb-grid-column gb-grid-column-8b2e454c\"><div class=\"gb-container gb-container-8b2e454c\"><div class=\"gb-inside-container\"><\/div><\/div><\/div>\n\n<div class=\"gb-grid-column gb-grid-column-bec42ea2\"><div class=\"gb-container gb-container-bec42ea2\"><div class=\"gb-inside-container\">\n\n<h1 class=\"gb-headline gb-headline-9f6c211c gb-headline-text\">Nortzuk gara<\/h1>\n\n<\/div><\/div><\/div>\n\n<div class=\"gb-grid-column gb-grid-column-8c9c5240\"><div class=\"gb-container gb-container-8c9c5240\"><div class=\"gb-inside-container\"><\/div><\/div><\/div>\n<\/div>\n<\/div><\/div>\n\n<div class=\"gb-container gb-container-410f83f7\"><div class=\"gb-inside-container\">\n<div class=\"gb-grid-wrapper gb-grid-wrapper-374f07cb\">\n<div class=\"gb-grid-column gb-grid-column-eb671291\"><div class=\"gb-container gb-container-eb671291\"><div class=\"gb-inside-container\">\n\n<p class=\"gb-headline gb-headline-ba319fb5 gb-headline-text\">KALITATE GORENA<\/p>\n\n\n\n<h3 class=\"gb-headline gb-headline-9a41928b gb-headline-text\">20 urte baino gehiagoko esperientzia<\/h3>\n\n\n\n<p>Zuhaizti Aholkularitza est\u00e1 compuesta por un equipo de profesionales titulados superiores en diferentes \u00e1mbitos: auditores, economistas, gestores administrativos, administradorZuhaizti aholkularitza sektorean 20 urte baino gehiagotan geureganatutako ezagutzak eskaintzen ditugun eta ezparru ezberdinetakoak garen goit-titulatu (ekonomista, gestore administratigo, administrari konkurtsal, abokatu), aseguru agente eta pertsonal administratiboak osatzen dugu. Guzti hauek gure zerbitzuak <strong>KALITATE ETA BEZEROENGANA ARRETA ONENAREKIN<\/strong> emateko erabiltzen ditugularik, <strong>PREZIO ONENEAN<\/strong> noski.<\/p>\n\n<\/div><\/div><\/div>\n\n<div class=\"gb-grid-column gb-grid-column-45b862a9\"><div class=\"gb-container gb-container-45b862a9\"><div class=\"gb-inside-container\">\n\n<figure class=\"wp-block-image size-large\"><img decoding=\"async\" src=\"https:\/\/library.generateblocks.com\/wp-content\/uploads\/2020\/07\/glasses.jpg\" alt=\"\" class=\"wp-image-1650\"\/><\/figure>\n\n<\/div><\/div><\/div>\n<\/div>\n<\/div><\/div>\n\n<div class=\"gb-container gb-container-c08c5b99\"><div class=\"gb-inside-container\">\n<div class=\"gb-grid-wrapper gb-grid-wrapper-0356952a\">\n<div class=\"gb-grid-column gb-grid-column-f80d216e\"><div class=\"gb-container gb-container-f80d216e\"><div class=\"gb-inside-container\">\n\n<figure class=\"wp-block-image size-large\"><img decoding=\"async\" src=\"https:\/\/library.generateblocks.com\/wp-content\/uploads\/2020\/10\/pexels-burst-374870.jpg\" alt=\"\" class=\"wp-image-1308\"\/><\/figure>\n\n<\/div><\/div><\/div>\n\n<div class=\"gb-grid-column gb-grid-column-1a6674d7\"><div class=\"gb-container gb-container-1a6674d7\"><div class=\"gb-inside-container\">\n\n<p class=\"gb-headline gb-headline-cc0bc2a5 gb-headline-text\">ZERBITZU INTEGRALA<\/p>\n\n\n\n<h3 class=\"gb-headline gb-headline-2e5ced9f gb-headline-text\">Autonomoak, enpresak eta partikularrak.<\/h3>\n\n\n\n<p>Gure zerbitzuak <strong>Autonomo, Enpresa eta Partikularrei zuzendutako arlo Fiskal, Laboral, Kontable eta Juridikoko aholkularitza eta tramitazio zerbitzu integralean biltzen dira.<\/strong><\/p>\n\n<\/div><\/div><\/div>\n<\/div>\n<\/div><\/div>\n\n<div class=\"gb-container gb-container-7c58fb02\"><div class=\"gb-inside-container\">\n\n<h2 class=\"gb-headline gb-headline-db1d008c\"><span class=\"gb-icon\"><svg aria-hidden=\"true\" role=\"img\" height=\"1em\" width=\"1em\" viewBox=\"0 0 448 512\" xmlns=\"http:\/\/www.w3.org\/2000\/svg\"><path fill=\"currentColor\" d=\"M207.029 381.476L12.686 187.132c-9.373-9.373-9.373-24.569 0-33.941l22.667-22.667c9.357-9.357 24.522-9.375 33.901-.04L224 284.505l154.745-154.021c9.379-9.335 24.544-9.317 33.901.04l22.667 22.667c9.373 9.373 9.373 24.569 0 33.941L240.971 381.476c-9.373 9.372-24.569 9.372-33.942 0z\"><\/path><\/svg><\/span><span class=\"gb-headline-text\">Gure baloreak<\/span><\/h2>\n\n\n<div class=\"gb-grid-wrapper gb-grid-wrapper-16f1f4b1\">\n<div class=\"gb-grid-column gb-grid-column-f8e407b6\"><div class=\"gb-container gb-container-f8e407b6\"><div class=\"gb-inside-container\">\n\n<h3 class=\"gb-headline gb-headline-2de0dfe8\"><span class=\"gb-icon\"><svg aria-hidden=\"true\" role=\"img\" height=\"1em\" width=\"1em\" viewBox=\"0 0 496 512\" xmlns=\"https:\/\/www.w3.org\/2000\/svg\"><path fill=\"currentColor\" d=\"M248 8C111 8 0 119 0 256s111 248 248 248 248-111 248-248S385 8 248 8zm0 96c48.6 0 88 39.4 88 88s-39.4 88-88 88-88-39.4-88-88 39.4-88 88-88zm0 344c-58.7 0-111.3-26.6-146.5-68.2 18.8-35.4 55.6-59.8 98.5-59.8 2.4 0 4.8.4 7.1 1.1 13 4.2 26.6 6.9 40.9 6.9 14.3 0 28-2.7 40.9-6.9 2.3-.7 4.7-1.1 7.1-1.1 42.9 0 79.7 24.4 98.5 59.8C359.3 421.4 306.7 448 248 448z\"><\/path><\/svg><\/span><span class=\"gb-headline-text\">Cercan\u00eda<\/span><\/h3>\n\n\n\n<p>Pertsonala, hurbilekoa eta kalitatezko tratua.<\/p>\n\n<\/div><\/div><\/div>\n\n<div class=\"gb-grid-column gb-grid-column-5422df7e\"><div class=\"gb-container gb-container-5422df7e\"><div class=\"gb-inside-container\">\n\n<h3 class=\"gb-headline gb-headline-ea911d14\"><span class=\"gb-icon\"><svg aria-hidden=\"true\" role=\"img\" height=\"1em\" width=\"1em\" viewBox=\"0 0 448 512\" xmlns=\"https:\/\/www.w3.org\/2000\/svg\"><path fill=\"currentColor\" d=\"M448 360V24c0-13.3-10.7-24-24-24H96C43 0 0 43 0 96v320c0 53 43 96 96 96h328c13.3 0 24-10.7 24-24v-16c0-7.5-3.5-14.3-8.9-18.7-4.2-15.4-4.2-59.3 0-74.7 5.4-4.3 8.9-11.1 8.9-18.6zM128 134c0-3.3 2.7-6 6-6h212c3.3 0 6 2.7 6 6v20c0 3.3-2.7 6-6 6H134c-3.3 0-6-2.7-6-6v-20zm0 64c0-3.3 2.7-6 6-6h212c3.3 0 6 2.7 6 6v20c0 3.3-2.7 6-6 6H134c-3.3 0-6-2.7-6-6v-20zm253.4 250H96c-17.7 0-32-14.3-32-32 0-17.6 14.4-32 32-32h285.4c-1.9 17.1-1.9 46.9 0 64z\"><\/path><\/svg><\/span><span class=\"gb-headline-text\">Formazioa<\/span><\/h3>\n\n\n\n<p>Bezeroei zerbitzu onena emanez eta zuen beharrei haurre hartuz pertsonalaren etengabeko formazioa<\/p>\n\n<\/div><\/div><\/div>\n\n<div class=\"gb-grid-column gb-grid-column-b3f27e3a\"><div class=\"gb-container gb-container-b3f27e3a\"><div class=\"gb-inside-container\">\n\n<h3 class=\"gb-headline gb-headline-d9a7f46f\"><span class=\"gb-icon\"><svg aria-hidden=\"true\" role=\"img\" height=\"1em\" width=\"1em\" viewBox=\"0 0 576 512\" xmlns=\"https:\/\/www.w3.org\/2000\/svg\"><path fill=\"currentColor\" d=\"M576 240c0-23.63-12.95-44.04-32-55.12V32.01C544 23.26 537.02 0 512 0c-7.12 0-14.19 2.38-19.98 7.02l-85.03 68.03C364.28 109.19 310.66 128 256 128H64c-35.35 0-64 28.65-64 64v96c0 35.35 28.65 64 64 64h33.7c-1.39 10.48-2.18 21.14-2.18 32 0 39.77 9.26 77.35 25.56 110.94 5.19 10.69 16.52 17.06 28.4 17.06h74.28c26.05 0 41.69-29.84 25.9-50.56-16.4-21.52-26.15-48.36-26.15-77.44 0-11.11 1.62-21.79 4.41-32H256c54.66 0 108.28 18.81 150.98 52.95l85.03 68.03a32.023 32.023 0 0 0 19.98 7.02c24.92 0 32-22.78 32-32V295.13C563.05 284.04 576 263.63 576 240zm-96 141.42l-33.05-26.44C392.95 311.78 325.12 288 256 288v-96c69.12 0 136.95-23.78 190.95-66.98L480 98.58v282.84z\"><\/path><\/svg><\/span><span class=\"gb-headline-text\">Informatu<\/span><\/h3>\n\n\n\n<p>Uneoro eta bide ezberdinak erabiliz sortzen diren berri legal eta tributarioei buruz uneoro Informatzea<\/p>\n\n<\/div><\/div><\/div>\n\n<div class=\"gb-grid-column gb-grid-column-a9e2a8ae\"><div class=\"gb-container gb-container-a9e2a8ae\"><div class=\"gb-inside-container\">\n\n<h3 class=\"gb-headline gb-headline-55e33861\"><span class=\"gb-icon\"><svg aria-hidden=\"true\" role=\"img\" height=\"1em\" width=\"1em\" viewBox=\"0 0 512 512\" xmlns=\"https:\/\/www.w3.org\/2000\/svg\"><path fill=\"currentColor\" d=\"M466.5 83.7l-192-80a48.15 48.15 0 0 0-36.9 0l-192 80C27.7 91.1 16 108.6 16 128c0 198.5 114.5 335.7 221.5 380.3 11.8 4.9 25.1 4.9 36.9 0C360.1 472.6 496 349.3 496 128c0-19.4-11.7-36.9-29.5-44.3zM256.1 446.3l-.1-381 175.9 73.3c-3.3 151.4-82.1 261.1-175.8 307.7z\"><\/path><\/svg><\/span><span class=\"gb-headline-text\">Konfidentzialitatea<\/span><\/h3>\n\n\n\n<p>Gure bezeroen datu guztiak abenduaren 13ko 15\/99 &#8220;Ley Org\u00e1nica de Protecci\u00f3n de Datos de Car\u00e1cter Personal&#8221; legeak dioenaren arabera babestuta aurkitzen dira.<\/p>\n\n<\/div><\/div><\/div>\n<\/div>\n<\/div><\/div>","protected":false},"excerpt":{"rendered":"<p>Gure baloreak<\/p>\n","protected":false},"author":1,"featured_media":0,"parent":0,"menu_order":0,"comment_status":"closed","ping_status":"closed","template":"","meta":{"inline_featured_image":false,"footnotes":""},"class_list":["post-1173","page","type-page","status-publish"],"_links":{"self":[{"href":"https:\/\/zuhaizti.com\/eu\/wp-json\/wp\/v2\/pages\/1173","targetHints":{"allow":["GET"]}}],"collection":[{"href":"https:\/\/zuhaizti.com\/eu\/wp-json\/wp\/v2\/pages"}],"about":[{"href":"https:\/\/zuhaizti.com\/eu\/wp-json\/wp\/v2\/types\/page"}],"author":[{"embeddable":true,"href":"https:\/\/zuhaizti.com\/eu\/wp-json\/wp\/v2\/users\/1"}],"replies":[{"embeddable":true,"href":"https:\/\/zuhaizti.com\/eu\/wp-json\/wp\/v2\/comments?post=1173"}],"version-history":[{"count":4,"href":"https:\/\/zuhaizti.com\/eu\/wp-json\/wp\/v2\/pages\/1173\/revisions"}],"predecessor-version":[{"id":1262,"href":"https:\/\/zuhaizti.com\/eu\/wp-json\/wp\/v2\/pages\/1173\/revisions\/1262"}],"wp:attachment":[{"href":"https:\/\/zuhaizti.com\/eu\/wp-json\/wp\/v2\/media?parent=1173"}],"curies":[{"name":"wp","href":"https:\/\/api.w.org\/{rel}","templated":true}]}}